{"id":596,"date":"2024-01-19T13:34:28","date_gmt":"2024-01-19T13:34:28","guid":{"rendered":"https:\/\/kromer-assets.de\/?page_id=596"},"modified":"2024-04-15T10:25:01","modified_gmt":"2024-04-15T10:25:01","slug":"ueber-uns-2","status":"publish","type":"page","link":"https:\/\/kromer-assets.de\/?page_id=596","title":{"rendered":"\u00dcBER UNS"},"content":{"rendered":"\t\t<div data-elementor-type=\"wp-page\" data-elementor-id=\"596\" class=\"elementor elementor-596\" data-elementor-post-type=\"page\">\n\t\t\t\t\t\t<section class=\"elementor-section elementor-top-section elementor-element elementor-element-67144250 elementor-section-boxed elementor-section-height-default elementor-section-height-default\" data-id=\"67144250\" data-element_type=\"section\" data-settings=\"{&quot;background_background&quot;:&quot;classic&quot;,&quot;shape_divider_bottom&quot;:&quot;opacity-tilt&quot;}\">\n\t\t\t\t\t\t\t<div class=\"elementor-background-overlay\"><\/div>\n\t\t\t\t\t\t<div class=\"elementor-shape elementor-shape-bottom\" data-negative=\"false\">\n\t\t\t<svg xmlns=\"http:\/\/www.w3.org\/2000\/svg\" viewBox=\"0 0 2600 131.1\" preserveAspectRatio=\"none\">\n\t<path class=\"elementor-shape-fill\" d=\"M0 0L2600 0 2600 69.1 0 0z\"\/>\n\t<path class=\"elementor-shape-fill\" style=\"opacity:0.5\" d=\"M0 0L2600 0 2600 69.1 0 69.1z\"\/>\n\t<path class=\"elementor-shape-fill\" style=\"opacity:0.25\" d=\"M2600 0L0 0 0 130.1 2600 69.1z\"\/>\n<\/svg>\t\t<\/div>\n\t\t\t\t\t<div class=\"elementor-container elementor-column-gap-default\">\n\t\t\t\t\t<div class=\"elementor-column elementor-col-100 elementor-top-column elementor-element elementor-element-3e71621b\" data-id=\"3e71621b\" data-element_type=\"column\">\n\t\t\t<div class=\"elementor-widget-wrap elementor-element-populated\">\n\t\t\t\t\t\t<div class=\"elementor-element elementor-element-21306513 elementor-invisible elementor-widget elementor-widget-heading\" data-id=\"21306513\" data-element_type=\"widget\" data-settings=\"{&quot;_animation&quot;:&quot;fadeIn&quot;,&quot;_animation_delay&quot;:200}\" data-widget_type=\"heading.default\">\n\t\t\t\t<div class=\"elementor-widget-container\">\n\t\t\t\t\t<h1 class=\"elementor-heading-title elementor-size-default\">\u00dcBER UNS<\/h1>\t\t\t\t<\/div>\n\t\t\t\t<\/div>\n\t\t\t\t<div class=\"elementor-element elementor-element-63264d58 elementor-widget__width-initial elementor-invisible elementor-widget elementor-widget-heading\" data-id=\"63264d58\" data-element_type=\"widget\" data-settings=\"{&quot;_animation&quot;:&quot;fadeIn&quot;,&quot;_animation_delay&quot;:400}\" data-widget_type=\"heading.default\">\n\t\t\t\t<div class=\"elementor-widget-container\">\n\t\t\t\t\t<h4 class=\"elementor-heading-title elementor-size-default\">KROMER ASSET IHR DIENSTLEISTER F\u00dcR INDIVIDUELLE L\u00d6SUNGEN<\/h4>\t\t\t\t<\/div>\n\t\t\t\t<\/div>\n\t\t\t\t\t<\/div>\n\t\t<\/div>\n\t\t\t\t\t<\/div>\n\t\t<\/section>\n\t\t\t\t<section class=\"elementor-section elementor-top-section elementor-element elementor-element-33ca0b99 elementor-section-boxed elementor-section-height-default elementor-section-height-default\" data-id=\"33ca0b99\" data-element_type=\"section\">\n\t\t\t\t\t\t<div class=\"elementor-container elementor-column-gap-default\">\n\t\t\t\t\t<div class=\"elementor-column elementor-col-50 elementor-top-column elementor-element elementor-element-5acad8f5\" data-id=\"5acad8f5\" data-element_type=\"column\" data-settings=\"{&quot;background_background&quot;:&quot;classic&quot;}\">\n\t\t\t<div class=\"elementor-widget-wrap elementor-element-populated\">\n\t\t\t\t\t\t<div class=\"elementor-element elementor-element-67b2665a elementor-invisible elementor-widget elementor-widget-image\" data-id=\"67b2665a\" data-element_type=\"widget\" data-settings=\"{&quot;_animation&quot;:&quot;fadeIn&quot;,&quot;_animation_delay&quot;:200}\" data-widget_type=\"image.default\">\n\t\t\t\t<div class=\"elementor-widget-container\">\n\t\t\t\t\t\t\t\t\t\t\t\t<figure class=\"wp-caption\">\n\t\t\t\t\t\t\t\t\t\t<img fetchpriority=\"high\" decoding=\"async\" width=\"300\" height=\"300\" src=\"https:\/\/kromer-assets.de\/wp-content\/uploads\/2024\/01\/hk.png\" class=\"attachment-full size-full wp-image-610\" alt=\"\" srcset=\"https:\/\/kromer-assets.de\/wp-content\/uploads\/2024\/01\/hk.png 300w, https:\/\/kromer-assets.de\/wp-content\/uploads\/2024\/01\/hk-150x150.png 150w, https:\/\/kromer-assets.de\/wp-content\/uploads\/2024\/01\/hk-100x100.png 100w\" sizes=\"(max-width: 300px) 100vw, 300px\" \/>\t\t\t\t\t\t\t\t\t\t\t<figcaption class=\"widget-image-caption wp-caption-text\">Harald Kromer - CEO Kromer Assets<\/figcaption>\n\t\t\t\t\t\t\t\t\t\t<\/figure>\n\t\t\t\t\t\t\t\t\t<\/div>\n\t\t\t\t<\/div>\n\t\t\t\t<div class=\"elementor-element elementor-element-3b53685c elementor-widget__width-auto elementor-absolute elementor-widget-mobile__width-initial elementor-invisible elementor-widget elementor-widget-counter\" data-id=\"3b53685c\" data-element_type=\"widget\" data-settings=\"{&quot;_position&quot;:&quot;absolute&quot;,&quot;_animation&quot;:&quot;bounceIn&quot;,&quot;_animation_delay&quot;:400}\" data-widget_type=\"counter.default\">\n\t\t\t\t<div class=\"elementor-widget-container\">\n\t\t\t\t\t\t\t<div class=\"elementor-counter\">\n\t\t\t<div class=\"elementor-counter-title\">Jahre Erfahrung<\/div>\t\t\t<div class=\"elementor-counter-number-wrapper\">\n\t\t\t\t<span class=\"elementor-counter-number-prefix\"><\/span>\n\t\t\t\t<span class=\"elementor-counter-number\" data-duration=\"2000\" data-to-value=\"25\" data-from-value=\"0\" data-delimiter=\",\">0<\/span>\n\t\t\t\t<span class=\"elementor-counter-number-suffix\">+<\/span>\n\t\t\t<\/div>\n\t\t<\/div>\n\t\t\t\t\t\t<\/div>\n\t\t\t\t<\/div>\n\t\t\t\t\t<\/div>\n\t\t<\/div>\n\t\t\t\t<div class=\"elementor-column elementor-col-50 elementor-top-column elementor-element elementor-element-6a686e91\" data-id=\"6a686e91\" data-element_type=\"column\">\n\t\t\t<div class=\"elementor-widget-wrap elementor-element-populated\">\n\t\t\t\t\t\t<div class=\"elementor-element elementor-element-16ba6abc elementor-widget elementor-widget-heading\" data-id=\"16ba6abc\" data-element_type=\"widget\" data-widget_type=\"heading.default\">\n\t\t\t\t<div class=\"elementor-widget-container\">\n\t\t\t\t\t<h6 class=\"elementor-heading-title elementor-size-default\">\u00dcber uns<\/h6>\t\t\t\t<\/div>\n\t\t\t\t<\/div>\n\t\t\t\t<div class=\"elementor-element elementor-element-6f5bb24c elementor-widget elementor-widget-heading\" data-id=\"6f5bb24c\" data-element_type=\"widget\" data-widget_type=\"heading.default\">\n\t\t\t\t<div class=\"elementor-widget-container\">\n\t\t\t\t\t<h2 class=\"elementor-heading-title elementor-size-default\">\u00dcber 25 Jahre Erfahrung <\/h2>\t\t\t\t<\/div>\n\t\t\t\t<\/div>\n\t\t\t\t<div class=\"elementor-element elementor-element-2bc27d44 elementor-widget elementor-widget-text-editor\" data-id=\"2bc27d44\" data-element_type=\"widget\" data-widget_type=\"text-editor.default\">\n\t\t\t\t<div class=\"elementor-widget-container\">\n\t\t\t\t\t\t\t\t\t<p>Wir haben \u00fcber 25 Jahre Erfahrung in den Bereichen Insolvenzverwertung, Sicherstellung, Produktionsprozesse, internationale Projektarbeit und Personalwesen.<\/p><p>Kromer Assets agiert als Dienstleister im Bereich Verwertung und Vermarktung von Anlage- und Umlaufverm\u00f6gen, sowie der Sicherstellung von Verm\u00f6genswerten f\u00fcr Leasinggesellschaften und Kreditinstitute.<\/p><p>Hinter uns steht ein qualifiziertes Team mit hoher Serviceorientierung und Erfahrung im Bereich der Insolvenzverwertung und Sicherstellung von Verm\u00f6genswerten, inkl. Betriebsverlagerungen, Demontage, Transport, Montage bis zur Wiederinbetriebnahme<\/p><p>Zu unseren Auftraggebern z\u00e4hlen Industrie- &amp; Dienstleistungsunternehmen genauso wie Kleinbetriebe und Mittelst\u00e4nder, Insolvenzverwalter, Restrukturierungsberater sowie Kreditinstitute und Leasinggesellschaften.<\/p><p>KROMER ASSET IHR DIENSTLEISTER F\u00dcR INDIVIDUELLE L\u00d6SUNGEN<\/p>\t\t\t\t\t\t\t\t<\/div>\n\t\t\t\t<\/div>\n\t\t\t\t<div class=\"elementor-element elementor-element-5feb1798 elementor-widget-divider--view-line elementor-widget elementor-widget-divider\" data-id=\"5feb1798\" data-element_type=\"widget\" data-widget_type=\"divider.default\">\n\t\t\t\t<div class=\"elementor-widget-container\">\n\t\t\t\t\t\t\t<div class=\"elementor-divider\">\n\t\t\t<span class=\"elementor-divider-separator\">\n\t\t\t\t\t\t<\/span>\n\t\t<\/div>\n\t\t\t\t\t\t<\/div>\n\t\t\t\t<\/div>\n\t\t\t\t<div class=\"elementor-element elementor-element-675d7d81 elementor-widget__width-initial elementor-icon-list--layout-traditional elementor-list-item-link-full_width elementor-widget elementor-widget-icon-list\" data-id=\"675d7d81\" data-element_type=\"widget\" data-widget_type=\"icon-list.default\">\n\t\t\t\t<div class=\"elementor-widget-container\">\n\t\t\t\t\t\t\t<ul class=\"elementor-icon-list-items\">\n\t\t\t\t\t\t\t<li class=\"elementor-icon-list-item\">\n\t\t\t\t\t\t\t\t\t\t\t<span class=\"elementor-icon-list-icon\">\n\t\t\t\t\t\t\t<svg aria-hidden=\"true\" class=\"e-font-icon-svg e-fas-check-circle\" viewBox=\"0 0 512 512\" xmlns=\"http:\/\/www.w3.org\/2000\/svg\"><path d=\"M504 256c0 136.967-111.033 248-248 248S8 392.967 8 256 119.033 8 256 8s248 111.033 248 248zM227.314 387.314l184-184c6.248-6.248 6.248-16.379 0-22.627l-22.627-22.627c-6.248-6.249-16.379-6.249-22.628 0L216 308.118l-70.059-70.059c-6.248-6.248-16.379-6.248-22.628 0l-22.627 22.627c-6.248 6.248-6.248 16.379 0 22.627l104 104c6.249 6.249 16.379 6.249 22.628.001z\"><\/path><\/svg>\t\t\t\t\t\t<\/span>\n\t\t\t\t\t\t\t\t\t\t<span class=\"elementor-icon-list-text\">Sicherstellen<\/span>\n\t\t\t\t\t\t\t\t\t<\/li>\n\t\t\t\t\t\t\t\t<li class=\"elementor-icon-list-item\">\n\t\t\t\t\t\t\t\t\t\t\t<span class=\"elementor-icon-list-icon\">\n\t\t\t\t\t\t\t<svg aria-hidden=\"true\" class=\"e-font-icon-svg e-fas-check-circle\" viewBox=\"0 0 512 512\" xmlns=\"http:\/\/www.w3.org\/2000\/svg\"><path d=\"M504 256c0 136.967-111.033 248-248 248S8 392.967 8 256 119.033 8 256 8s248 111.033 248 248zM227.314 387.314l184-184c6.248-6.248 6.248-16.379 0-22.627l-22.627-22.627c-6.248-6.249-16.379-6.249-22.628 0L216 308.118l-70.059-70.059c-6.248-6.248-16.379-6.248-22.628 0l-22.627 22.627c-6.248 6.248-6.248 16.379 0 22.627l104 104c6.249 6.249 16.379 6.249 22.628.001z\"><\/path><\/svg>\t\t\t\t\t\t<\/span>\n\t\t\t\t\t\t\t\t\t\t<span class=\"elementor-icon-list-text\">Verwahren<\/span>\n\t\t\t\t\t\t\t\t\t<\/li>\n\t\t\t\t\t\t\t\t<li class=\"elementor-icon-list-item\">\n\t\t\t\t\t\t\t\t\t\t\t<span class=\"elementor-icon-list-icon\">\n\t\t\t\t\t\t\t<svg aria-hidden=\"true\" class=\"e-font-icon-svg e-fas-check-circle\" viewBox=\"0 0 512 512\" xmlns=\"http:\/\/www.w3.org\/2000\/svg\"><path d=\"M504 256c0 136.967-111.033 248-248 248S8 392.967 8 256 119.033 8 256 8s248 111.033 248 248zM227.314 387.314l184-184c6.248-6.248 6.248-16.379 0-22.627l-22.627-22.627c-6.248-6.249-16.379-6.249-22.628 0L216 308.118l-70.059-70.059c-6.248-6.248-16.379-6.248-22.628 0l-22.627 22.627c-6.248 6.248-6.248 16.379 0 22.627l104 104c6.249 6.249 16.379 6.249 22.628.001z\"><\/path><\/svg>\t\t\t\t\t\t<\/span>\n\t\t\t\t\t\t\t\t\t\t<span class=\"elementor-icon-list-text\">Verwerten<\/span>\n\t\t\t\t\t\t\t\t\t<\/li>\n\t\t\t\t\t\t<\/ul>\n\t\t\t\t\t\t<\/div>\n\t\t\t\t<\/div>\n\t\t\t\t\t<\/div>\n\t\t<\/div>\n\t\t\t\t\t<\/div>\n\t\t<\/section>\n\t\t\t\t<section class=\"elementor-section elementor-inner-section elementor-element elementor-element-17619e09 elementor-section-full_width elementor-section-height-default elementor-section-height-default\" data-id=\"17619e09\" data-element_type=\"section\">\n\t\t\t\t\t\t<div class=\"elementor-container elementor-column-gap-default\">\n\t\t\t\t\t<div class=\"elementor-column elementor-col-50 elementor-inner-column elementor-element elementor-element-774135ae\" data-id=\"774135ae\" data-element_type=\"column\">\n\t\t\t<div class=\"elementor-widget-wrap elementor-element-populated\">\n\t\t\t\t\t\t<div class=\"elementor-element elementor-element-19156685 elementor-icon-list--layout-inline elementor-align-right elementor-tablet-align-center elementor-list-item-link-full_width elementor-widget elementor-widget-icon-list\" data-id=\"19156685\" data-element_type=\"widget\" data-widget_type=\"icon-list.default\">\n\t\t\t\t<div class=\"elementor-widget-container\">\n\t\t\t\t\t\t\t<ul class=\"elementor-icon-list-items elementor-inline-items\">\n\t\t\t\t\t\t\t<li class=\"elementor-icon-list-item elementor-inline-item\">\n\t\t\t\t\t\t\t\t\t\t\t<a href=\"https:\/\/kromer-assets.de\/\">\n\n\t\t\t\t\t\t\t\t\t\t\t<span class=\"elementor-icon-list-text\">Home<\/span>\n\t\t\t\t\t\t\t\t\t\t\t<\/a>\n\t\t\t\t\t\t\t\t\t<\/li>\n\t\t\t\t\t\t\t\t<li class=\"elementor-icon-list-item elementor-inline-item\">\n\t\t\t\t\t\t\t\t\t\t\t<a href=\"https:\/\/kromer-assets.de\/?page_id=546\">\n\n\t\t\t\t\t\t\t\t\t\t\t<span class=\"elementor-icon-list-text\">Leistungen<\/span>\n\t\t\t\t\t\t\t\t\t\t\t<\/a>\n\t\t\t\t\t\t\t\t\t<\/li>\n\t\t\t\t\t\t\t\t<li class=\"elementor-icon-list-item elementor-inline-item\">\n\t\t\t\t\t\t\t\t\t\t\t<a href=\"https:\/\/kromer-assets.de\/?page_id=837\">\n\n\t\t\t\t\t\t\t\t\t\t\t<span class=\"elementor-icon-list-text\">Unsere Partner<\/span>\n\t\t\t\t\t\t\t\t\t\t\t<\/a>\n\t\t\t\t\t\t\t\t\t<\/li>\n\t\t\t\t\t\t\t\t<li class=\"elementor-icon-list-item elementor-inline-item\">\n\t\t\t\t\t\t\t\t\t\t\t<a href=\"https:\/\/kromer-assets.de\/?page_id=596\">\n\n\t\t\t\t\t\t\t\t\t\t\t<span class=\"elementor-icon-list-text\">\u00dcber uns<\/span>\n\t\t\t\t\t\t\t\t\t\t\t<\/a>\n\t\t\t\t\t\t\t\t\t<\/li>\n\t\t\t\t\t\t\t\t<li class=\"elementor-icon-list-item elementor-inline-item\">\n\t\t\t\t\t\t\t\t\t\t\t<a href=\"https:\/\/kromer-assets.de\/?post_type=product\">\n\n\t\t\t\t\t\t\t\t\t\t\t<span class=\"elementor-icon-list-text\">Shop<\/span>\n\t\t\t\t\t\t\t\t\t\t\t<\/a>\n\t\t\t\t\t\t\t\t\t<\/li>\n\t\t\t\t\t\t\t\t<li class=\"elementor-icon-list-item elementor-inline-item\">\n\t\t\t\t\t\t\t\t\t\t\t<a href=\"https:\/\/kromer-assets.de\/?page_id=641\">\n\n\t\t\t\t\t\t\t\t\t\t\t<span class=\"elementor-icon-list-text\">Impressum<\/span>\n\t\t\t\t\t\t\t\t\t\t\t<\/a>\n\t\t\t\t\t\t\t\t\t<\/li>\n\t\t\t\t\t\t\t\t<li class=\"elementor-icon-list-item elementor-inline-item\">\n\t\t\t\t\t\t\t\t\t\t\t<a href=\"https:\/\/kromer-assets.de\/?page_id=620\">\n\n\t\t\t\t\t\t\t\t\t\t\t<span class=\"elementor-icon-list-text\">Datenschutz<\/span>\n\t\t\t\t\t\t\t\t\t\t\t<\/a>\n\t\t\t\t\t\t\t\t\t<\/li>\n\t\t\t\t\t\t\t\t<li class=\"elementor-icon-list-item elementor-inline-item\">\n\t\t\t\t\t\t\t\t\t\t\t<a href=\"https:\/\/kromer-assets.de\/?page_id=650\">\n\n\t\t\t\t\t\t\t\t\t\t\t<span class=\"elementor-icon-list-text\">AGB<\/span>\n\t\t\t\t\t\t\t\t\t\t\t<\/a>\n\t\t\t\t\t\t\t\t\t<\/li>\n\t\t\t\t\t\t<\/ul>\n\t\t\t\t\t\t<\/div>\n\t\t\t\t<\/div>\n\t\t\t\t\t<\/div>\n\t\t<\/div>\n\t\t\t\t<div class=\"elementor-column elementor-col-50 elementor-inner-column elementor-element elementor-element-75722521\" data-id=\"75722521\" data-element_type=\"column\">\n\t\t\t<div class=\"elementor-widget-wrap elementor-element-populated\">\n\t\t\t\t\t\t<div class=\"elementor-element elementor-element-5b8a77b4 elementor-widget elementor-widget-heading\" data-id=\"5b8a77b4\" data-element_type=\"widget\" data-widget_type=\"heading.default\">\n\t\t\t\t<div class=\"elementor-widget-container\">\n\t\t\t\t\t<div class=\"elementor-heading-title elementor-size-default\">Copyright \u00a9 2024 STEIGER-DESIGN\n<\/div>\t\t\t\t<\/div>\n\t\t\t\t<\/div>\n\t\t\t\t\t<\/div>\n\t\t<\/div>\n\t\t\t\t\t<\/div>\n\t\t<\/section>\n\t\t\t\t<\/div>\n\t\t","protected":false},"excerpt":{"rendered":"<p>KROMER ASSET IHR DIENSTLEISTER F\u00dcR INDIVIDUELLE L\u00d6SUNGEN Harald Kromer &#8211; CEO Kromer Assets 0 + Jahre Erfahrung \u00dcber uns \u00dcber 25 Jahre Erfahrung Wir haben \u00fcber 25 Jahre Erfahrung in den Bereichen Insolvenzverwertung, Sicherstellung, Produktionsprozesse, internationale Projektarbeit und Personalwesen. Kromer Assets agiert als Dienstleister im Bereich Verwertung und Vermarktung von Anlage- und Umlaufverm\u00f6gen, sowie der&hellip;&nbsp;<a href=\"https:\/\/kromer-assets.de\/?page_id=596\" rel=\"bookmark\">Mehr lesen &raquo;<span class=\"screen-reader-text\">\u00dcBER UNS<\/span><\/a><\/p>\n","protected":false},"author":1,"featured_media":0,"parent":0,"menu_order":0,"comment_status":"closed","ping_status":"closed","template":"elementor_header_footer","meta":{"neve_meta_sidebar":"","neve_meta_container":"","neve_meta_enable_content_width":"","neve_meta_content_width":0,"neve_meta_title_alignment":"","neve_meta_author_avatar":"","neve_post_elements_order":"","neve_meta_disable_header":"","neve_meta_disable_footer":"","neve_meta_disable_title":"","neve_meta_reading_time":"","footnotes":""},"class_list":["post-596","page","type-page","status-publish","hentry"],"yoast_head":"<!-- This site is optimized with the Yoast SEO Premium plugin v21.8 (Yoast SEO v27.3) - https:\/\/yoast.com\/product\/yoast-seo-premium-wordpress\/ -->\n<title>\u00dcBER UNS - Kromer Assets<\/title>\n<meta name=\"robots\" content=\"index, follow, max-snippet:-1, max-image-preview:large, max-video-preview:-1\" \/>\n<link rel=\"canonical\" href=\"https:\/\/kromer-assets.de\/?page_id=596\" \/>\n<meta property=\"og:locale\" content=\"de_DE\" \/>\n<meta property=\"og:type\" content=\"article\" \/>\n<meta property=\"og:title\" content=\"\u00dcBER UNS\" \/>\n<meta property=\"og:description\" content=\"KROMER ASSET IHR DIENSTLEISTER F\u00dcR INDIVIDUELLE L\u00d6SUNGEN Harald Kromer &#8211; CEO Kromer Assets 0 + Jahre Erfahrung \u00dcber uns \u00dcber 25 Jahre Erfahrung Wir haben \u00fcber 25 Jahre Erfahrung in den Bereichen Insolvenzverwertung, Sicherstellung, Produktionsprozesse, internationale Projektarbeit und Personalwesen. Kromer Assets agiert als Dienstleister im Bereich Verwertung und Vermarktung von Anlage- und Umlaufverm\u00f6gen, sowie der&hellip;&nbsp;Mehr lesen &raquo;\u00dcBER UNS\" \/>\n<meta property=\"og:url\" content=\"https:\/\/kromer-assets.de\/?page_id=596\" \/>\n<meta property=\"og:site_name\" content=\"Kromer Assets\" \/>\n<meta property=\"article:modified_time\" content=\"2024-04-15T10:25:01+00:00\" \/>\n<meta property=\"og:image\" content=\"http:\/\/kromer-assets.de\/wp-content\/uploads\/2024\/01\/hk.png\" \/>\n<meta name=\"twitter:card\" content=\"summary_large_image\" \/>\n<meta name=\"twitter:label1\" content=\"Gesch\u00e4tzte Lesezeit\" \/>\n\t<meta name=\"twitter:data1\" content=\"1\u00a0Minute\" \/>\n<script type=\"application\/ld+json\" class=\"yoast-schema-graph\">{\"@context\":\"https:\\\/\\\/schema.org\",\"@graph\":[{\"@type\":\"WebPage\",\"@id\":\"https:\\\/\\\/kromer-assets.de\\\/?page_id=596\",\"url\":\"https:\\\/\\\/kromer-assets.de\\\/?page_id=596\",\"name\":\"\u00dcBER UNS - Kromer Assets\",\"isPartOf\":{\"@id\":\"https:\\\/\\\/kromer-assets.de\\\/#website\"},\"primaryImageOfPage\":{\"@id\":\"https:\\\/\\\/kromer-assets.de\\\/?page_id=596#primaryimage\"},\"image\":{\"@id\":\"https:\\\/\\\/kromer-assets.de\\\/?page_id=596#primaryimage\"},\"thumbnailUrl\":\"http:\\\/\\\/kromer-assets.de\\\/wp-content\\\/uploads\\\/2024\\\/01\\\/hk.png\",\"datePublished\":\"2024-01-19T13:34:28+00:00\",\"dateModified\":\"2024-04-15T10:25:01+00:00\",\"breadcrumb\":{\"@id\":\"https:\\\/\\\/kromer-assets.de\\\/?page_id=596#breadcrumb\"},\"inLanguage\":\"de\",\"potentialAction\":[{\"@type\":\"ReadAction\",\"target\":[\"https:\\\/\\\/kromer-assets.de\\\/?page_id=596\"]}]},{\"@type\":\"ImageObject\",\"inLanguage\":\"de\",\"@id\":\"https:\\\/\\\/kromer-assets.de\\\/?page_id=596#primaryimage\",\"url\":\"http:\\\/\\\/kromer-assets.de\\\/wp-content\\\/uploads\\\/2024\\\/01\\\/hk.png\",\"contentUrl\":\"http:\\\/\\\/kromer-assets.de\\\/wp-content\\\/uploads\\\/2024\\\/01\\\/hk.png\"},{\"@type\":\"BreadcrumbList\",\"@id\":\"https:\\\/\\\/kromer-assets.de\\\/?page_id=596#breadcrumb\",\"itemListElement\":[{\"@type\":\"ListItem\",\"position\":1,\"name\":\"Startseite\",\"item\":\"https:\\\/\\\/kromer-assets.de\\\/\"},{\"@type\":\"ListItem\",\"position\":2,\"name\":\"\u00dcBER UNS\"}]},{\"@type\":\"WebSite\",\"@id\":\"https:\\\/\\\/kromer-assets.de\\\/#website\",\"url\":\"https:\\\/\\\/kromer-assets.de\\\/\",\"name\":\"Kromer Assets\",\"description\":\"\",\"publisher\":{\"@id\":\"https:\\\/\\\/kromer-assets.de\\\/#organization\"},\"potentialAction\":[{\"@type\":\"SearchAction\",\"target\":{\"@type\":\"EntryPoint\",\"urlTemplate\":\"https:\\\/\\\/kromer-assets.de\\\/?s={search_term_string}\"},\"query-input\":{\"@type\":\"PropertyValueSpecification\",\"valueRequired\":true,\"valueName\":\"search_term_string\"}}],\"inLanguage\":\"de\"},{\"@type\":\"Organization\",\"@id\":\"https:\\\/\\\/kromer-assets.de\\\/#organization\",\"name\":\"Kromer Assets\",\"url\":\"https:\\\/\\\/kromer-assets.de\\\/\",\"logo\":{\"@type\":\"ImageObject\",\"inLanguage\":\"de\",\"@id\":\"https:\\\/\\\/kromer-assets.de\\\/#\\\/schema\\\/logo\\\/image\\\/\",\"url\":\"https:\\\/\\\/kromer-assets.de\\\/wp-content\\\/uploads\\\/2024\\\/01\\\/Kromer-Assets-Logo.png\",\"contentUrl\":\"https:\\\/\\\/kromer-assets.de\\\/wp-content\\\/uploads\\\/2024\\\/01\\\/Kromer-Assets-Logo.png\",\"width\":2302,\"height\":763,\"caption\":\"Kromer Assets\"},\"image\":{\"@id\":\"https:\\\/\\\/kromer-assets.de\\\/#\\\/schema\\\/logo\\\/image\\\/\"}}]}<\/script>\n<!-- \/ Yoast SEO Premium plugin. -->","yoast_head_json":{"title":"\u00dcBER UNS - Kromer Assets","robots":{"index":"index","follow":"follow","max-snippet":"max-snippet:-1","max-image-preview":"max-image-preview:large","max-video-preview":"max-video-preview:-1"},"canonical":"https:\/\/kromer-assets.de\/?page_id=596","og_locale":"de_DE","og_type":"article","og_title":"\u00dcBER UNS","og_description":"KROMER ASSET IHR DIENSTLEISTER F\u00dcR INDIVIDUELLE L\u00d6SUNGEN Harald Kromer &#8211; CEO Kromer Assets 0 + Jahre Erfahrung \u00dcber uns \u00dcber 25 Jahre Erfahrung Wir haben \u00fcber 25 Jahre Erfahrung in den Bereichen Insolvenzverwertung, Sicherstellung, Produktionsprozesse, internationale Projektarbeit und Personalwesen. Kromer Assets agiert als Dienstleister im Bereich Verwertung und Vermarktung von Anlage- und Umlaufverm\u00f6gen, sowie der&hellip;&nbsp;Mehr lesen &raquo;\u00dcBER UNS","og_url":"https:\/\/kromer-assets.de\/?page_id=596","og_site_name":"Kromer Assets","article_modified_time":"2024-04-15T10:25:01+00:00","og_image":[{"url":"http:\/\/kromer-assets.de\/wp-content\/uploads\/2024\/01\/hk.png","type":"","width":"","height":""}],"twitter_card":"summary_large_image","twitter_misc":{"Gesch\u00e4tzte Lesezeit":"1\u00a0Minute"},"schema":{"@context":"https:\/\/schema.org","@graph":[{"@type":"WebPage","@id":"https:\/\/kromer-assets.de\/?page_id=596","url":"https:\/\/kromer-assets.de\/?page_id=596","name":"\u00dcBER UNS - Kromer Assets","isPartOf":{"@id":"https:\/\/kromer-assets.de\/#website"},"primaryImageOfPage":{"@id":"https:\/\/kromer-assets.de\/?page_id=596#primaryimage"},"image":{"@id":"https:\/\/kromer-assets.de\/?page_id=596#primaryimage"},"thumbnailUrl":"http:\/\/kromer-assets.de\/wp-content\/uploads\/2024\/01\/hk.png","datePublished":"2024-01-19T13:34:28+00:00","dateModified":"2024-04-15T10:25:01+00:00","breadcrumb":{"@id":"https:\/\/kromer-assets.de\/?page_id=596#breadcrumb"},"inLanguage":"de","potentialAction":[{"@type":"ReadAction","target":["https:\/\/kromer-assets.de\/?page_id=596"]}]},{"@type":"ImageObject","inLanguage":"de","@id":"https:\/\/kromer-assets.de\/?page_id=596#primaryimage","url":"http:\/\/kromer-assets.de\/wp-content\/uploads\/2024\/01\/hk.png","contentUrl":"http:\/\/kromer-assets.de\/wp-content\/uploads\/2024\/01\/hk.png"},{"@type":"BreadcrumbList","@id":"https:\/\/kromer-assets.de\/?page_id=596#breadcrumb","itemListElement":[{"@type":"ListItem","position":1,"name":"Startseite","item":"https:\/\/kromer-assets.de\/"},{"@type":"ListItem","position":2,"name":"\u00dcBER UNS"}]},{"@type":"WebSite","@id":"https:\/\/kromer-assets.de\/#website","url":"https:\/\/kromer-assets.de\/","name":"Kromer Assets","description":"","publisher":{"@id":"https:\/\/kromer-assets.de\/#organization"},"potentialAction":[{"@type":"SearchAction","target":{"@type":"EntryPoint","urlTemplate":"https:\/\/kromer-assets.de\/?s={search_term_string}"},"query-input":{"@type":"PropertyValueSpecification","valueRequired":true,"valueName":"search_term_string"}}],"inLanguage":"de"},{"@type":"Organization","@id":"https:\/\/kromer-assets.de\/#organization","name":"Kromer Assets","url":"https:\/\/kromer-assets.de\/","logo":{"@type":"ImageObject","inLanguage":"de","@id":"https:\/\/kromer-assets.de\/#\/schema\/logo\/image\/","url":"https:\/\/kromer-assets.de\/wp-content\/uploads\/2024\/01\/Kromer-Assets-Logo.png","contentUrl":"https:\/\/kromer-assets.de\/wp-content\/uploads\/2024\/01\/Kromer-Assets-Logo.png","width":2302,"height":763,"caption":"Kromer Assets"},"image":{"@id":"https:\/\/kromer-assets.de\/#\/schema\/logo\/image\/"}}]}},"_links":{"self":[{"href":"https:\/\/kromer-assets.de\/index.php?rest_route=\/wp\/v2\/pages\/596","targetHints":{"allow":["GET"]}}],"collection":[{"href":"https:\/\/kromer-assets.de\/index.php?rest_route=\/wp\/v2\/pages"}],"about":[{"href":"https:\/\/kromer-assets.de\/index.php?rest_route=\/wp\/v2\/types\/page"}],"author":[{"embeddable":true,"href":"https:\/\/kromer-assets.de\/index.php?rest_route=\/wp\/v2\/users\/1"}],"replies":[{"embeddable":true,"href":"https:\/\/kromer-assets.de\/index.php?rest_route=%2Fwp%2Fv2%2Fcomments&post=596"}],"version-history":[{"count":3,"href":"https:\/\/kromer-assets.de\/index.php?rest_route=\/wp\/v2\/pages\/596\/revisions"}],"predecessor-version":[{"id":971,"href":"https:\/\/kromer-assets.de\/index.php?rest_route=\/wp\/v2\/pages\/596\/revisions\/971"}],"wp:attachment":[{"href":"https:\/\/kromer-assets.de\/index.php?rest_route=%2Fwp%2Fv2%2Fmedia&parent=596"}],"curies":[{"name":"wp","href":"https:\/\/api.w.org\/{rel}","templated":true}]}}